{"id":316896,"date":"2024-09-27T08:17:04","date_gmt":"2024-09-27T08:17:04","guid":{"rendered":"https:\/\/gpv-leipzig.de\/?page_id=316896"},"modified":"2024-10-28T12:57:25","modified_gmt":"2024-10-28T12:57:25","slug":"gpv_aktuelles","status":"publish","type":"page","link":"https:\/\/gpv-leipzig.de\/?page_id=316896","title":{"rendered":"gpv_aktuelles"},"content":{"rendered":"<p>[et_pb_section fb_built=&#8220;1&#8243; custom_padding_last_edited=&#8220;on|phone&#8220; _builder_version=&#8220;4.27.0&#8243; _module_preset=&#8220;default&#8220; background_enable_color=&#8220;off&#8220; background_image=&#8220;https:\/\/gpv-leipzig.de\/wp-content\/uploads\/2024\/09\/start-1024&#215;365.png&#8220; parallax=&#8220;on&#8220; background_blend=&#8220;hue&#8220; background_enable_video_webm=&#8220;off&#8220; min_height_tablet=&#8220;50%&#8220; min_height_phone=&#8220;&#8220; min_height_last_edited=&#8220;on|tablet&#8220; height=&#8220;331px&#8220; height_tablet=&#8220;700px&#8220; height_phone=&#8220;838px&#8220; height_last_edited=&#8220;off|desktop&#8220; max_height_tablet=&#8220;50%&#8220; max_height_phone=&#8220;796px&#8220; max_height_last_edited=&#8220;on|tablet&#8220; custom_padding=&#8220;48px||48px||true|false&#8220; custom_padding_tablet=&#8220;100px||150px||false|false&#8220; custom_padding_phone=&#8220;50px||50px||true|false&#8220; filter_contrast=&#8220;85%&#8220; mix_blend_mode=&#8220;multiply&#8220; background_last_edited=&#8220;off|desktop&#8220; background_enable_image_phone=&#8220;off&#8220; parallax_phone=&#8220;off&#8220; background_video_webm_phone=&#8220;https:\/\/gpv-leipzig.de\/wp-content\/uploads\/2024\/09\/Adobestock-228311864.webm&#8220; background_enable_video_webm_phone=&#8220;on&#8220; custom_css_free_form=&#8220;\/* Standard-Stil (Desktop) *\/||.et_pb_section_video_bg {||    visibility: visible;||    position: absolute;||    left: 0;||    width: 100%;||    height: 100vh !important;||    overflow: hidden;||    display: block;||    pointer-events: none;||    transform: translate(-0%, -38%); \/* Zentriert das Video *\/||    z-index: -1;    ||}||||\/* Tablet (Bildschirmbreite zwischen 768px und 1024px) *\/||@media only screen and (max-width: 1024px) and (min-width: 768px) {||    .et_pb_section_video_bg {||        height: 100vh !important; \/* Gleiche H\u00f6he, aber falls Anpassung n\u00f6tig *\/||      \twidth: 80vh !important;||        transform: translate(-20%, -5%); \/* Anpassen des Videos f\u00fcr Tablets *\/||    }||}||||\/* Handy (Bildschirmbreite kleiner als 768px) *\/||@media only screen and (max-width: 767px) {||    .et_pb_section_video_bg {||        height: 120vh !important; \/* Video bleibt die volle H\u00f6he *\/||      \twidth: 80vh !important;||        transform: translate(-30%, -00%); \/* Weitere Anpassung f\u00fcr Handys *\/||    }||}||&#8220; locked=&#8220;off&#8220; global_colors_info=&#8220;{}&#8220;][et_pb_row _builder_version=&#8220;4.27.0&#8243; _module_preset=&#8220;default&#8220; max_width=&#8220;1280px&#8220; module_alignment=&#8220;center&#8220; custom_margin=&#8220;6px|auto||auto||&#8220; custom_padding=&#8220;5px|||||&#8220; animation_style=&#8220;slide&#8220; animation_direction=&#8220;left&#8220; border_radii=&#8220;on|10px|10px|10px|10px&#8220; global_colors_info=&#8220;{}&#8220;][et_pb_column type=&#8220;4_4&#8243; _builder_version=&#8220;4.25.2&#8243; _module_preset=&#8220;default&#8220; background_color=&#8220;rgba(10,10,10,0.5)&#8220; border_radii=&#8220;on|10px|10px|10px|10px&#8220; global_colors_info=&#8220;{}&#8220;][et_pb_text content_tablet=&#8220;<\/p>\n<h1>Leistungen<\/h1>\n<p>&#8220; content_phone=&#8220;<\/p>\n<h3><span style=%22color: #ffffff;%22>Ihr zuverl\u00e4ssiger <\/span><\/h3>\n<h3><span style=%22color: #ffffff;%22>Partner<\/span><\/h3>\n<h3><span style=%22color: #ffffff;%22>f\u00fcr Infrastruktur- <\/span><\/h3>\n<h3><span style=%22color: #ffffff;%22>projekte<\/span><\/h3>\n<p>&#8220; content_last_edited=&#8220;on|phone&#8220; _builder_version=&#8220;4.27.0&#8243; _module_preset=&#8220;default&#8220; header_font=&#8220;Poppins|700|||||||&#8220; header_text_color=&#8220;#FFFFFF&#8220; header_font_size=&#8220;60px&#8220; header_line_height=&#8220;1.2em&#8220; custom_margin=&#8220;30px|-210px|8px|60px|false|false&#8220; custom_margin_tablet=&#8220;|0px|||false|false&#8220; custom_margin_phone=&#8220;||0px|30px|false|false&#8220; custom_margin_last_edited=&#8220;on|phone&#8220; custom_padding=&#8220;|||40px|false|false&#8220; custom_padding_tablet=&#8220;|0px||40px|false|false&#8220; custom_padding_phone=&#8220;|||20px|false|false&#8220; custom_padding_last_edited=&#8220;on|phone&#8220; text_font_size_tablet=&#8220;13px&#8220; text_font_size_phone=&#8220;13px&#8220; text_font_size_last_edited=&#8220;on|tablet&#8220; header_font_size_tablet=&#8220;53px&#8220; header_font_size_phone=&#8220;32px&#8220; header_font_size_last_edited=&#8220;on|phone&#8220; border_width_left=&#8220;4px&#8220; border_color_left=&#8220;#0c71c3&#8243; global_colors_info=&#8220;{}&#8220;]<\/p>\n<h1>Aktuelles<\/h1>\n<p>[\/et_pb_text][et_pb_text content_tablet=&#8220;<\/p>\n<p><span>Unsere umfassende Herangehensweise gew\u00e4hrleistet die Realisierung von Projekten in h\u00f6chster Qualit\u00e4t von der Planung bis zur Fertigstellung. Profitieren Sie von unserer langj\u00e4hrigen Erfahrung und unserem Einsatz modernster Technik zu Ihrem Vorteil.<\/span><\/p>\n<p>&#8220; content_phone=&#8220;<\/p>\n<p><span>Unsere umfassende Herangehensweise gew\u00e4hrleistet die Realisierung von Projekten in h\u00f6chster Qualit\u00e4t von der Planung bis zur Fertigstellung. Profitieren Sie von unserer langj\u00e4hrigen Erfahrung und unserem Einsatz modernster Technik zu Ihrem Vorteil.<\/span><\/p>\n<p>&#8220; content_last_edited=&#8220;on|phone&#8220; _builder_version=&#8220;4.27.0&#8243; _module_preset=&#8220;default&#8220; text_font=&#8220;Mulish||||||||&#8220; text_text_color=&#8220;#FFFFFF&#8220; text_font_size=&#8220;16px&#8220; text_line_height=&#8220;1.9em&#8220; width=&#8220;75%&#8220; custom_margin=&#8220;||29px|62px|false|false&#8220; custom_margin_tablet=&#8220;||112px|20px|false|false&#8220; custom_margin_phone=&#8220;20px||20px|0px|false|false&#8220; custom_margin_last_edited=&#8220;on|phone&#8220; custom_padding=&#8220;|||45px|false|false&#8220; custom_padding_tablet=&#8220;|40px||45px|false|false&#8220; custom_padding_phone=&#8220;|30px||55px|false|false&#8220; custom_padding_last_edited=&#8220;on|phone&#8220; text_line_height_tablet=&#8220;1.9em&#8220; text_line_height_phone=&#8220;1.7em&#8220; text_line_height_last_edited=&#8220;on|phone&#8220; global_colors_info=&#8220;{}&#8220;]<\/p>\n<p>Hier finden Sie aktuelle Nachrichten rund um die GPV, Informationen zu laufenden und kommenden Projekten sowie weitere spannende Neuigkeiten. Bleiben Sie stets informiert \u00fcber Entwicklungen und Fortschritte in unserer Organisation!<\/p>\n<p>[\/et_pb_text][\/et_pb_column][\/et_pb_row][\/et_pb_section][et_pb_section fb_built=&#8220;1&#8243; _builder_version=&#8220;4.17.6&#8243; _module_preset=&#8220;default&#8220; locked=&#8220;off&#8220; global_colors_info=&#8220;{}&#8220;][et_pb_row column_structure=&#8220;2_3,1_3&#8243; use_custom_gutter=&#8220;on&#8220; gutter_width=&#8220;2&#8243; _builder_version=&#8220;4.17.6&#8243; _module_preset=&#8220;default&#8220; max_width=&#8220;1280px&#8220; global_colors_info=&#8220;{}&#8220;][et_pb_column type=&#8220;2_3&#8243; _builder_version=&#8220;4.17.6&#8243; _module_preset=&#8220;default&#8220; custom_padding=&#8220;50px|50px|50px|50px|true|true&#8220; box_shadow_style=&#8220;preset2&#8243; box_shadow_color=&#8220;rgba(0,0,0,0.1)&#8220; global_colors_info=&#8220;{}&#8220;][et_pb_image src=&#8220;@ET-DC@eyJkeW5hbWljIjp0cnVlLCJjb250ZW50IjoicG9zdF9mZWF0dXJlZF9pbWFnZSIsInNldHRpbmdzIjp7fX0=@&#8220; _builder_version=&#8220;4.27.0&#8243; _dynamic_attributes=&#8220;src&#8220; _module_preset=&#8220;default&#8220; global_colors_info=&#8220;{}&#8220;][\/et_pb_image][et_pb_blog include_categories=&#8220;all&#8220; show_more=&#8220;on&#8220; _builder_version=&#8220;4.27.2&#8243; _module_preset=&#8220;default&#8220; hover_enabled=&#8220;0&#8243; custom_css_free_form=&#8220;.et_pb_post a.more-link {||    color: #0c71c3;||  \tfont-weight: bold;||    background: transparent;||    border: 2px solid transparent;||    padding: .7em 0em;||    margin-top: 20px;||    text-transform: capitalize;||    display: inline-block;||  \tborder-radius: 5px !important;||    transition: all 0.3s ease-in-out;||}||||.et_pb_post a.more-link:hover {||    background: transparent;||    color: #0c71c3;||\t\tfont-weight: 900;||    border: 2px solid transparent;;||    transition: all 0.3s ease-in-out;||}&#8220; global_colors_info=&#8220;{}&#8220; excerpt_length=&#8220;150&#8243; show_author=&#8220;off&#8220; show_comments=&#8220;on&#8220; sticky_enabled=&#8220;0&#8243;][\/et_pb_blog][\/et_pb_column][et_pb_column type=&#8220;1_3&#8243; _builder_version=&#8220;4.17.6&#8243; _module_preset=&#8220;default&#8220; custom_padding=&#8220;20px||20px|40px|true|false&#8220; box_shadow_style=&#8220;preset2&#8243; box_shadow_color=&#8220;rgba(0,0,0,0.1)&#8220; global_colors_info=&#8220;{}&#8220;][et_pb_text _builder_version=&#8220;4.27.0&#8243; _module_preset=&#8220;default&#8220; header_3_font=&#8220;Poppins|700|||||||&#8220; header_3_font_size=&#8220;26px&#8220; header_3_line_height=&#8220;1.2em&#8220; custom_margin=&#8220;||0px||false|false&#8220; global_colors_info=&#8220;{}&#8220;]<\/p>\n<h3>Aktuelles<\/h3>\n<p>[\/et_pb_text][et_pb_sidebar _builder_version=&#8220;4.27.2&#8243; _module_preset=&#8220;default&#8220; header_font=&#8220;Poppins|800|||||||&#8220; header_text_color=&#8220;#000000&#8243; header_font_size=&#8220;22px&#8220; body_font=&#8220;Poppins||||||||&#8220; body_text_color=&#8220;#000000&#8243; body_font_size=&#8220;18px&#8220; body_line_height=&#8220;1.9em&#8220; hover_enabled=&#8220;0&#8243; global_colors_info=&#8220;{}&#8220; area=&#8220;sidebar-2&#8243; sticky_enabled=&#8220;0&#8243;][\/et_pb_sidebar][\/et_pb_column][\/et_pb_row][\/et_pb_section]<\/p>\n","protected":false},"excerpt":{"rendered":"<p>AktuellesHier finden Sie aktuelle Nachrichten rund um die GPV, Informationen zu laufenden und kommenden Projekten sowie weitere spannende Neuigkeiten. Bleiben Sie stets informiert \u00fcber Entwicklungen und Fortschritte in unserer Organisation!Aktuelles<\/p>\n","protected":false},"author":1,"featured_media":0,"parent":0,"menu_order":0,"comment_status":"closed","ping_status":"closed","template":"","meta":{"_et_pb_use_builder":"on","_et_pb_old_content":"","_et_gb_content_width":"","footnotes":""},"class_list":["post-316896","page","type-page","status-publish","hentry"],"_links":{"self":[{"href":"https:\/\/gpv-leipzig.de\/index.php?rest_route=\/wp\/v2\/pages\/316896","targetHints":{"allow":["GET"]}}],"collection":[{"href":"https:\/\/gpv-leipzig.de\/index.php?rest_route=\/wp\/v2\/pages"}],"about":[{"href":"https:\/\/gpv-leipzig.de\/index.php?rest_route=\/wp\/v2\/types\/page"}],"author":[{"embeddable":true,"href":"https:\/\/gpv-leipzig.de\/index.php?rest_route=\/wp\/v2\/users\/1"}],"replies":[{"embeddable":true,"href":"https:\/\/gpv-leipzig.de\/index.php?rest_route=%2Fwp%2Fv2%2Fcomments&post=316896"}],"version-history":[{"count":9,"href":"https:\/\/gpv-leipzig.de\/index.php?rest_route=\/wp\/v2\/pages\/316896\/revisions"}],"predecessor-version":[{"id":987512079,"href":"https:\/\/gpv-leipzig.de\/index.php?rest_route=\/wp\/v2\/pages\/316896\/revisions\/987512079"}],"wp:attachment":[{"href":"https:\/\/gpv-leipzig.de\/index.php?rest_route=%2Fwp%2Fv2%2Fmedia&parent=316896"}],"curies":[{"name":"wp","href":"https:\/\/api.w.org\/{rel}","templated":true}]}}